{"id":42,"date":"2024-03-21T14:12:12","date_gmt":"2024-03-21T13:12:12","guid":{"rendered":"https:\/\/www.skks.com.pl\/?page_id=42"},"modified":"2026-01-16T17:58:28","modified_gmt":"2026-01-16T16:58:28","slug":"kurs-office","status":"publish","type":"page","link":"https:\/\/www.skks.com.pl\/?page_id=42","title":{"rendered":"Kurs OFFICE"},"content":{"rendered":"\r\n<p class=\"has-text-align-center\" style=\"text-align: center;\"><em><strong>Soft. Komp. S.K.<\/strong><\/em><strong><em>\u00a0\u00a0\u00a0\u00a0 \u00a0<\/em>ROK ZA\u0141O\u017bENIA\u00a0 1 9 9 0<\/strong><em><strong><br \/><\/strong><\/em><strong>00-079 Warszawa ul. Krakowskie Przedmie\u015bcie 79 lok. 408<\/strong><br \/><strong>konto: mBank 33 1140 2004 0000 3402 3101 7877<br \/><a href=\"tel: +48501028204\">tel: +48501028204<\/a><\/strong>,<strong>\u00a0tel. 22 826-08-53<\/strong>,\u00a0<br \/><strong>e-mail:<\/strong>\u00a0<strong>\u00a0<a href=\"mailto:kswieton@skks.com.pl\">kswieton@skks.com.pl<\/a><\/strong><\/p>\r\n\r\n\r\n\r\n<p class=\"has-text-align-center\" style=\"text-align: center;\"><br \/>\u00a0\u00a0\u00a0\u00a0<strong>24 godz. zeg. 6 spotka\u0144 w godz. 9.00 &#8211; 13.00 lub 16.00 &#8211; 20.00<br \/>cena 1 500,00 z\u0142.<br \/>dla os\u00f3b kontynuuj\u0105cych szkolenie w Soft. Komp. S.K. &#8211; upust\u00a020%<\/strong><\/p>\r\n<p style=\"text-align: center;\"><a href=\"https:\/\/www.skks.com.pl\/?page_id=59\"><strong>ZOBACZ TERMINY<\/strong><\/a><\/p>\r\n\r\n\r\n\r\n<p class=\"has-dark-red-color has-text-color has-link-color wp-elements-eaf1f109512dd3281912e1f9753d94d4\"><strong><span style=\"color: #ff0000;\">Tak\u017ce kurs w trybie indywidualnym &#8211; cena j\/w ale 5 dni po 3 godz. zegarowe<\/span><\/strong><\/p>\r\n\r\n\r\n\r\n<h2 class=\"wp-block-heading\"><strong>EXCEL: PROGRAM ZAJ\u0118\u0106:\u00a0\u00a0\u00a0\u00a0\u00a0\u00a0<\/strong><\/h2>\r\n\r\n\r\n\r\n<ul class=\"wp-block-list\">\r\n<li><strong>FORMATOWANIE KOM\u00d3REK, ARKUSZY<\/strong><\/li>\r\n\r\n\r\n\r\n<li><strong>WPROWADZANIE FORMU\u0141, ZASTOSOWANIE WYBRANYCH FUNKCJI<\/strong><\/li>\r\n\r\n\r\n\r\n<li><strong>FORMATOWANIE a ZAOKR\u0104GLENIA<\/strong><\/li>\r\n\r\n\r\n\r\n<li><strong>ADRESACJA WZGL\u0118DNA I BEZWZGL\u0118DNA<\/strong><\/li>\r\n\r\n\r\n\r\n<li><strong>LISTY, BAZY DANYCH &#8211; TABELE PRZESTAWNE, SUMY CZ\u0118\u015aCIOWE<\/strong><\/li>\r\n\r\n\r\n\r\n<li><strong>TWORZENIE WYKRES\u00d3W, WPROWADZANIE ELEMENT\u00d3W GRAFICZNYCH<\/strong><\/li>\r\n\r\n\r\n\r\n<li><strong>DRUKOWANIE, USTAWIENIE PARAMETR\u00d3W WYDRUKU<\/strong><\/li>\r\n\r\n\r\n\r\n<li><strong>KOMENTARZE<\/strong><\/li>\r\n\r\n\r\n\r\n<li><strong>HIPER\u0141\u0104CZE<\/strong><\/li>\r\n\r\n\r\n\r\n<li><strong>UKRYWANIE, OCHRONA DANYCH &#8211; ARKUSZ, SKOROSZYT<\/strong><\/li>\r\n\r\n\r\n\r\n<li><strong>NAZWY KOM\u00d3REK<\/strong><\/li>\r\n\r\n\r\n\r\n<li><strong>TEKST JAKO KOLUMNY<\/strong><\/li>\r\n\r\n\r\n\r\n<li><strong>POMOC W EXCEL<\/strong><\/li>\r\n\r\n\r\n\r\n<li><strong>USTAWIENIA EXCEL<\/strong><\/li>\r\n\r\n\r\n\r\n<li><strong>DANE EXCEL DO \/ Z:<\/strong><\/li>\r\n<\/ul>\r\n\r\n\r\n\r\n<p><strong>PLIKI TEKSTOWE<br \/>WORD<br \/>ACCESS<br \/>POBIERANIE DANYCH Z INTERNETU<\/strong><\/p>\r\n\r\n\r\n\r\n<ul class=\"wp-block-list\">\r\n<li><strong>MAKRA, PRZYK\u0141ADY MAKR<\/strong><\/li>\r\n<\/ul>\r\n\r\n\r\n\r\n\r\n\r\n<ul class=\"wp-block-list\">\r\n<li><strong>WI\u0118CEJ EXCELA<\/strong><\/li>\r\n<\/ul>\r\n\r\n\r\n\r\n<p><strong>\u00a0SCENARIUSZE<br \/><\/strong><strong>\u00a0SOLVER<br \/>SZUKAJ WYNIKU<br \/><\/strong><\/p>\r\n\r\n\r\n\r\n<h2 class=\"wp-block-heading\"><strong>WORD: PROGRAM ZAJ\u0118\u0106:\u00a0\u00a0\u00a0\u00a0\u00a0\u00a0<\/strong><strong>\u00a0\u00a0\u00a0\u00a0\u00a0\u00a0\u00a0\u00a0\u00a0\u00a0\u00a0\u00a0\u00a0\u00a0\u00a0\u00a0\u00a0\u00a0\u00a0\u00a0\u00a0<\/strong><\/h2>\r\n\r\n\r\n\r\n<ol class=\"wp-block-list\">\r\n<li><strong>WST\u0118P.<\/strong><\/li>\r\n\r\n\r\n\r\n<li><strong>EDYCJA TEKSTU.<\/strong><\/li>\r\n\r\n\r\n\r\n<li><strong>FORMATOWANIE TEKSTU.<\/strong><\/li>\r\n<\/ol>\r\n\r\n\r\n\r\n<p><strong>\u00a0\u00a0\u00a0\u00a0\u00a0 3.1. FORMATOWANIE ZNAK\u00d3W.<\/strong><\/p>\r\n\r\n\r\n\r\n<p><strong>\u00a0\u00a0\u00a0 \u00a0 3.2. FORMATOWANIE AKAPIT\u00d3W.<\/strong><\/p>\r\n\r\n\r\n\r\n<p><strong>\u00a0\u00a0\u00a0 \u00a0 3.3. TABULATORY.<\/strong><\/p>\r\n\r\n\r\n\r\n<p><strong>\u00a0\u00a0\u00a0 \u00a0 3.4. PROSTE TABELE.<\/strong><\/p>\r\n\r\n\r\n\r\n<p><strong>\u00a0\u00a0\u00a0\u00a0\u00a0 3.5. TABELE.<\/strong><\/p>\r\n\r\n\r\n\r\n<p><strong>\u00a0\u00a0 \u00a0\u00a0 3.6. KRAW\u0118DZIE I CIENIE.<\/strong><\/p>\r\n\r\n\r\n\r\n<p><strong>\u00a0\u00a0\u00a0 \u00a0 3.7. POPRAWNO\u015a\u0106 PISOWNI.<\/strong><\/p>\r\n\r\n\r\n\r\n<p><strong>\u00a0\u00a0 \u00a0\u00a0 3.8. GRAFIKA.<\/strong><\/p>\r\n\r\n\r\n\r\n<ol class=\"wp-block-list\" start=\"4\">\r\n<li><strong>SEKCJE.<\/strong><\/li>\r\n<\/ol>\r\n\r\n\r\n\r\n<p><strong>\u00a0 \u00a0\u00a0 4.1. NAG\u0141\u00d3WKI I STOPKI.<\/strong><\/p>\r\n\r\n\r\n\r\n<p><strong>\u00a0\u00a0 \u00a0 4.2. KOLUMNY.<\/strong><\/p>\r\n\r\n\r\n\r\n<ol class=\"wp-block-list\" start=\"5\">\r\n<li><strong>PRACA Z TEKSTEM.<\/strong><\/li>\r\n<\/ol>\r\n\r\n\r\n\r\n<p><strong>\u00a0\u00a0 \u00a0 5.1. WYSZUKIWANIE, ZAMIANA TEKSTU.<\/strong><\/p>\r\n\r\n\r\n\r\n<p><strong>\u00a0\u00a0\u00a0 \u00a0 5.2. KORESPONDENCJA SERYJNA.<\/strong><\/p>\r\n\r\n\r\n\r\n<p><strong>\u00a0 \u00a0 \u00a0 5.3. PRZYPISY.<\/strong><\/p>\r\n\r\n\r\n\r\n<ol class=\"wp-block-list\" start=\"6\">\r\n<li><strong>AUTOMATYCZNE FORMATOWANIE.<\/strong><\/li>\r\n<\/ol>\r\n\r\n\r\n\r\n<p><strong>\u00a0\u00a0 \u00a0\u00a0 6.1. STYLE.<\/strong><\/p>\r\n\r\n\r\n\r\n<p><strong>\u00a0\u00a0 \u00a0\u00a0 6.2. SPIS TRE\u015aCI.<\/strong><\/p>\r\n\r\n\r\n\r\n<p><strong>\u00a0\u00a0 \u00a0\u00a0 6.3. KONSPEKT. \/PLIK test8\/.<\/strong><\/p>\r\n\r\n\r\n\r\n<p><strong>\u00a0\u00a0 \u00a0\u00a0 6.4. SZABLONY\/PLIK test7\/.<\/strong><\/p>\r\n\r\n\r\n\r\n<ol class=\"wp-block-list\" start=\"7\">\r\n<li><strong>DRUKOWANIE<\/strong><\/li>\r\n<\/ol>\r\n\r\n\r\n\r\n<p><strong>\u00a0 \u00a0 \u00a0 7.1. PODGL\u0104D WYDRUKU.<\/strong><\/p>\r\n\r\n\r\n\r\n<p><strong>\u00a0 \u00a0 \u00a0 7.2. DRUKOWANIE.<\/strong><\/p>\r\n\r\n\r\n\r\n<ol class=\"wp-block-list\" start=\"8\">\r\n<li><strong>INNE.<\/strong><\/li>\r\n<\/ol>\r\n\r\n\r\n\r\n<p><strong>\u00a0\u00a0 \u00a0 8.1. PASKI NARZ\u0118DZI.<\/strong><\/p>\r\n\r\n\r\n\r\n<p><strong>\u00a0\u00a0\u00a0\u00a0 8.2. SKR\u00d3TY KLAWIATUROWE.<\/strong><\/p>\r\n\r\n\r\n\r\n<p><strong>\u00a0\u00a0 \u00a0 8.3. NUMERY WIERSZY.<\/strong><\/p>\r\n\r\n\r\n\r\n<p><strong>\u00a0 \u00a0\u00a0 8.4. LICZNIK S\u0141\u00d3W.<\/strong><\/p>\r\n\r\n\r\n\r\n<p><strong>\u00a0\u00a0 \u00a0 8.5. DODATKOWE MO\u017bLIWO\u015aCI.<\/strong><\/p>\r\n\r\n\r\n\r\n<p><strong>\u00a0 \u00a0\u00a0 8.6. POMOC.<\/strong><\/p>\r\n\r\n\r\n\r\n<p><strong>\u00a0 \u00a0\u00a0 8.7. TYPY PLIK\u00d3W.<\/strong><\/p>\r\n<h2 class=\"wp-block-heading\"><strong>POWER POINT: PROGRAM ZAJ\u0118\u0106<br \/><\/strong><\/h2>\r\n<ol>\r\n<li style=\"list-style-type: none;\">\r\n<ol>\r\n<li><strong> PREZENTACJA.<\/strong><\/li>\r\n<li><strong> ELEMENTY GRAFICZNE<\/strong><\/li>\r\n<li><strong> TABELE I WYKRESY<\/strong><\/li>\r\n<li><strong> SCHEMATY ORGANIZACYJNE<\/strong><\/li>\r\n<li><strong> D\u0179WI\u0118K, MUZYKA, FILM<\/strong><\/li>\r\n<li><strong> PRZYCISKI AKCJI, HIPER\u0141\u0104CZE<\/strong><\/li>\r\n<li><strong> WZORCE<\/strong><\/li>\r\n<li><strong> POKAZ SLAJD\u00d3W<\/strong><\/li>\r\n<li><strong> PRZESKAKIWANIE I DO\u0141\u0104CZANIE<\/strong><\/li>\r\n<li><strong> DRUKOWANIE<\/strong><\/li>\r\n<li><strong> INNE <\/strong><\/li>\r\n<li>Prezentacja\u00a0 w internecie<\/li>\r\n<li>Pokaz programu <strong>PowerPoint<\/strong><\/li>\r\n<li>Komentarze<\/li>\r\n<li>WIDOK \u2013 strona notatek<\/li>\r\n<\/ol>\r\n<\/li>\r\n<\/ol>\r\n","protected":false},"excerpt":{"rendered":"<p>Soft. Komp. S.K.\u00a0\u00a0\u00a0\u00a0 \u00a0ROK ZA\u0141O\u017bENIA\u00a0 1 9 9 000-079 Warszawa ul. Krakowskie Przedmie\u015bcie 79 lok. 408konto: mBank 33 1140 2004 0000 3402 3101 7877tel: +48501028204,\u00a0tel. 22 826-08-53,\u00a0e-mail:\u00a0\u00a0kswieton@skks.com.pl \u00a0\u00a0\u00a0\u00a024 godz. zeg. 6 spotka\u0144 w godz. 9.00 &#8211; 13.00 lub 16.00 &#8211; 20.00cena 1 500,00 z\u0142.dla os\u00f3b kontynuuj\u0105cych szkolenie w Soft. Komp. S.K. &#8211; upust\u00a020% ZOBACZ TERMINY &hellip; <a href=\"https:\/\/www.skks.com.pl\/?page_id=42\" class=\"more-link\">Czytaj dalej<span class=\"screen-reader-text\"> \u201eKurs OFFICE\u201d<\/span><\/a><\/p>\n","protected":false},"author":1,"featured_media":0,"parent":0,"menu_order":0,"comment_status":"closed","ping_status":"closed","template":"","meta":{"footnotes":""},"class_list":["post-42","page","type-page","status-publish","hentry"],"_links":{"self":[{"href":"https:\/\/www.skks.com.pl\/index.php?rest_route=\/wp\/v2\/pages\/42","targetHints":{"allow":["GET"]}}],"collection":[{"href":"https:\/\/www.skks.com.pl\/index.php?rest_route=\/wp\/v2\/pages"}],"about":[{"href":"https:\/\/www.skks.com.pl\/index.php?rest_route=\/wp\/v2\/types\/page"}],"author":[{"embeddable":true,"href":"https:\/\/www.skks.com.pl\/index.php?rest_route=\/wp\/v2\/users\/1"}],"replies":[{"embeddable":true,"href":"https:\/\/www.skks.com.pl\/index.php?rest_route=%2Fwp%2Fv2%2Fcomments&post=42"}],"version-history":[{"count":18,"href":"https:\/\/www.skks.com.pl\/index.php?rest_route=\/wp\/v2\/pages\/42\/revisions"}],"predecessor-version":[{"id":662,"href":"https:\/\/www.skks.com.pl\/index.php?rest_route=\/wp\/v2\/pages\/42\/revisions\/662"}],"wp:attachment":[{"href":"https:\/\/www.skks.com.pl\/index.php?rest_route=%2Fwp%2Fv2%2Fmedia&parent=42"}],"curies":[{"name":"wp","href":"https:\/\/api.w.org\/{rel}","templated":true}]}}