{"id":291,"date":"2024-04-12T15:45:40","date_gmt":"2024-04-12T13:45:40","guid":{"rendered":"https:\/\/www.skks.com.pl\/?page_id=291"},"modified":"2026-01-16T18:03:19","modified_gmt":"2026-01-16T17:03:19","slug":"uslugi-informatyczne","status":"publish","type":"page","link":"https:\/\/www.skks.com.pl\/?page_id=291","title":{"rendered":"Us\u0142ugi informatyczne"},"content":{"rendered":"<p style=\"text-align: center;\"><em><strong>Soft. Komp. S.K.<\/strong><\/em><strong><em>\u00a0\u00a0\u00a0<\/em>ROK ZA\u0141O\u017bENIA\u00a0 1 9 9 0<\/strong><em><strong><br \/>\n<\/strong><\/em><strong>00-079 Warszawa ul. Krakowskie Przedmie\u015bcie 79 pok. 408<br \/>\n<a href=\"tel: +48501028204\">tel: +48501028204<\/a><\/strong>,\u00a0<strong>tel. 22 826-08-53 <\/strong><br \/>\n<strong>konto: mBank 33 1140 2004 0000 3402 3101 7877<\/strong><br \/>\n<strong>e-mail:<\/strong>\u00a0<strong>\u00a0<a href=\"mailto:kswieton@skks.com.pl\">kswieton@skks.com.pl<\/a><\/strong><\/p>\n<p style=\"text-align: center;\"><strong>Wpis do ewidencji dzia\u0142alno\u015bci gospodarczej\u00a0 z dn.\u00a0 11. 12. 1989\u00a0 ( us\u0142ugi informatyczne )\u00a0 w\u00a0 WHiU\u00a0<\/strong><strong><br \/>\nUrz\u0119du Dzielnicowego Warszawa &#8211; Mokot\u00f3w pod numerem 911, zmiana na nr 360303 z dn. 2005-06-08<br \/>\ndokonana przez Biuro Dzia\u0142alno\u015bci Gospodarczej i Zezwole\u0144 Urz\u0119du Miasta Sto\u0142ecznego Warszawa.<br \/>\n<a href=\"https:\/\/www.skks.com.pl\/wp-content\/uploads\/2025\/01\/CEiDG.pdf\">EWIDENCJA DZIA\u0141ALNO\u015aCI GOSPODARCZEJ<\/a><br \/>\n<\/strong><\/p>\n<ul>\n<li><strong>oprogramowanie u\u017cytkowe<em> &#8211; bazy danych, kadry, p\u0142ace, podatki, gospodarka <\/em><em>materia\u0142owa, sprzeda\u017c, zakup, fakturowanie,<\/em><em> p\u0142atnik,<\/em><em> F-K<\/em><em>, &#8230;<\/em><\/strong><\/li>\n<li><strong>,,pogotowie informatyczne\u2019\u2019 &#8211; sprz\u0119t, oprogramowanie<\/strong><\/li>\n<li><strong>sta\u0142y, merytoryczny nadz\u00f3r nad eksploatacj\u0105 sprz\u0119tu komputerowego i oprogramowania systemowego i u\u017cytkowego; doradztwo i pomoc w informatyzacji firm<\/strong><\/li>\n<li><strong>program p\u0142atnika &#8211; szkolenia, wdro\u017cenia, obs\u0142uga<\/strong><\/li>\n<li><strong>internet \u2013 szkolenia, instalacja kont, tworzenie, instalacja i utrzymanie witryn<\/strong><\/li>\n<li><strong>zaopatrzenie w sprz\u0119t komputerowy i oprogramowanie<\/strong><\/li>\n<li><strong>administracja sieci komputerowych<\/strong><\/li>\n<li><strong>maszynopisanie komputerowe, wydruki, nagrywanie p\u0142yt CD \u00a0<\/strong><\/li>\n<\/ul>\n<p>&nbsp;<\/p>\n","protected":false},"excerpt":{"rendered":"<p>Soft. Komp. S.K.\u00a0\u00a0\u00a0ROK ZA\u0141O\u017bENIA\u00a0 1 9 9 0 00-079 Warszawa ul. Krakowskie Przedmie\u015bcie 79 pok. 408 tel: +48501028204,\u00a0tel. 22 826-08-53 konto: mBank 33 1140 2004 0000 3402 3101 7877 e-mail:\u00a0\u00a0kswieton@skks.com.pl Wpis do ewidencji dzia\u0142alno\u015bci gospodarczej\u00a0 z dn.\u00a0 11. 12. 1989\u00a0 ( us\u0142ugi informatyczne )\u00a0 w\u00a0 WHiU\u00a0 Urz\u0119du Dzielnicowego Warszawa &#8211; Mokot\u00f3w pod numerem 911, zmiana &hellip; <a href=\"https:\/\/www.skks.com.pl\/?page_id=291\" class=\"more-link\">Czytaj dalej<span class=\"screen-reader-text\"> \u201eUs\u0142ugi informatyczne\u201d<\/span><\/a><\/p>\n","protected":false},"author":1,"featured_media":0,"parent":0,"menu_order":0,"comment_status":"closed","ping_status":"closed","template":"","meta":{"footnotes":""},"class_list":["post-291","page","type-page","status-publish","hentry"],"_links":{"self":[{"href":"https:\/\/www.skks.com.pl\/index.php?rest_route=\/wp\/v2\/pages\/291","targetHints":{"allow":["GET"]}}],"collection":[{"href":"https:\/\/www.skks.com.pl\/index.php?rest_route=\/wp\/v2\/pages"}],"about":[{"href":"https:\/\/www.skks.com.pl\/index.php?rest_route=\/wp\/v2\/types\/page"}],"author":[{"embeddable":true,"href":"https:\/\/www.skks.com.pl\/index.php?rest_route=\/wp\/v2\/users\/1"}],"replies":[{"embeddable":true,"href":"https:\/\/www.skks.com.pl\/index.php?rest_route=%2Fwp%2Fv2%2Fcomments&post=291"}],"version-history":[{"count":7,"href":"https:\/\/www.skks.com.pl\/index.php?rest_route=\/wp\/v2\/pages\/291\/revisions"}],"predecessor-version":[{"id":669,"href":"https:\/\/www.skks.com.pl\/index.php?rest_route=\/wp\/v2\/pages\/291\/revisions\/669"}],"wp:attachment":[{"href":"https:\/\/www.skks.com.pl\/index.php?rest_route=%2Fwp%2Fv2%2Fmedia&parent=291"}],"curies":[{"name":"wp","href":"https:\/\/api.w.org\/{rel}","templated":true}]}}